{"id":13,"date":"2020-02-07T14:34:14","date_gmt":"2020-02-07T13:34:14","guid":{"rendered":"http:\/\/aidesauditives-centredelcourt.com\/?page_id=13"},"modified":"2023-11-03T17:23:01","modified_gmt":"2023-11-03T16:23:01","slug":"lappareillage-pas-a-pas","status":"publish","type":"page","link":"https:\/\/aidesauditives-centredelcourt.com\/?page_id=13","title":{"rendered":"L&rsquo;appareillage pas \u00e0 pas"},"content":{"rendered":"[et_pb_section fb_built=\u00a0\u00bb1&Prime; fullwidth=\u00a0\u00bbon\u00a0\u00bb _builder_version=\u00a0\u00bb3.22&Prime; animation_style=\u00a0\u00bbslide\u00a0\u00bb animation_direction=\u00a0\u00bbtop\u00a0\u00bb animation_intensity_slide=\u00a0\u00bb2%\u00a0\u00bb animation_starting_opacity=\u00a0\u00bb100%\u00a0\u00bb][et_pb_fullwidth_header title=\u00a0\u00bbL&rsquo;appareillage pas \u00e0 pas\u00a0\u00bb admin_label=\u00a0\u00bbEn-t\u00eate plein \u00e9cran\u00a0\u00bb _builder_version=\u00a0\u00bb4.0.6&Prime; use_background_color_gradient=\u00a0\u00bbon\u00a0\u00bb background_color_gradient_start=\u00a0\u00bb#38a049&Prime; background_color_gradient_end=\u00a0\u00bb#8cc540&Prime; animation_style=\u00a0\u00bbfade\u00a0\u00bb][\/et_pb_fullwidth_header][\/et_pb_section][et_pb_section fb_built=\u00a0\u00bb1&Prime; _builder_version=\u00a0\u00bb4.0.6&Prime; background_image=\u00a0\u00bbhttp:\/\/aidesauditives-centredelcourt.com\/wp-content\/uploads\/2019\/12\/photo-AA-Copie-1024&#215;742.jpg\u00a0\u00bb parallax=\u00a0\u00bbon\u00a0\u00bb min_height=\u00a0\u00bb683px\u00a0\u00bb custom_margin=\u00a0\u00bb||-2px|||\u00a0\u00bb custom_padding=\u00a0\u00bb52px||542px|||\u00a0\u00bb][\/et_pb_section][et_pb_section fb_built=\u00a0\u00bb1&Prime; admin_label=\u00a0\u00bbMarket Information Section\u00a0\u00bb _builder_version=\u00a0\u00bb3.22&Prime; custom_padding=\u00a0\u00bb8px||100px|||\u00a0\u00bb collapsed=\u00a0\u00bboff\u00a0\u00bb][et_pb_row _builder_version=\u00a0\u00bb3.29.3&Prime; custom_padding=\u00a0\u00bb30px|||||\u00a0\u00bb][et_pb_column type=\u00a0\u00bb4_4&Prime; _builder_version=\u00a0\u00bb3.29.3&Prime;][et_pb_text _builder_version=\u00a0\u00bb4.9.4&Prime; text_text_color=\u00a0\u00bb#000000&Prime; custom_margin=\u00a0\u00bb||30px|||\u00a0\u00bb animation_style=\u00a0\u00bbfade\u00a0\u00bb hover_enabled=\u00a0\u00bb0&Prime; admin_label=\u00a0\u00bbTexte\u00a0\u00bb sticky_enabled=\u00a0\u00bb0&Prime;]\n<h2><span style=\"color: #339966;\">1\/ Faire connaissance<\/span><\/h2>\n<p style=\"text-align: justify;\"><span style=\"color: #000000;\">Un appareillage commence par un premier rendez-vous au cours duquel l\u2019audioproth\u00e9siste va cibler vos besoins.<\/span><\/p>\n<p style=\"text-align: justify;\"><span style=\"color: #000000;\">Le niveau d\u2019audition, le mode de vie, les activit\u00e9s, le budget sont autant de crit\u00e8res qui permettent \u00e0 l\u2019audioproth\u00e9siste de vous proposer une solution qui vous correspond le plus possible.<\/span><\/p>\n<p style=\"text-align: justify;\"><span style=\"color: #000000;\">Une fois le mod\u00e8le d\u2019aide auditive d\u00e9termin\u00e9, un essai gratuit est programm\u00e9 et un devis vous est remis.<\/span><\/p>\n[\/et_pb_text][et_pb_divider _builder_version=\u00a0\u00bb4.0.6&Prime; min_height=\u00a0\u00bb15px\u00a0\u00bb custom_margin=\u00a0\u00bb||2px|||\u00a0\u00bb custom_padding=\u00a0\u00bb||0px|||\u00a0\u00bb][\/et_pb_divider][et_pb_text admin_label=\u00a0\u00bbTexte\u00a0\u00bb _builder_version=\u00a0\u00bb4.9.4&Prime; min_height=\u00a0\u00bb280px\u00a0\u00bb custom_margin=\u00a0\u00bb||29px|||\u00a0\u00bb custom_padding=\u00a0\u00bb0px|||||\u00a0\u00bb animation_style=\u00a0\u00bbfade\u00a0\u00bb hover_enabled=\u00a0\u00bb0&Prime; sticky_enabled=\u00a0\u00bb0&Prime;]\n<h2><span style=\"color: #339966;\">2\/ Essayer<\/span><\/h2>\n<p style=\"text-align: justify;\"><span style=\"color: #000000;\">C\u2019est le jour J, vous commencez aujourd\u2019hui votre essai d\u2019appareillage.<\/span><\/p>\n<p style=\"text-align: justify;\"><span style=\"color: #000000;\">L\u2019audioproth\u00e9siste adapte sur vos oreilles les aides auditives choisies lors de votre premier rendez-vous.<\/span><\/p>\n<p style=\"text-align: justify;\"><span style=\"color: #000000;\">Apr\u00e8s l\u2019apprentissage de la manipulation et un r\u00e9glage personnalis\u00e9, vous rentrez chez vous avec les appareils afin de les essayer dans un contexte r\u00e9el. Quoi de mieux que votre quotidien pour vous en rendre compte\u00a0?<\/span><\/p>\n<p style=\"text-align: justify;\"><span style=\"color: #000000;\">La p\u00e9riode d\u2019essai dure un mois. Au cours de celle-ci, l\u2019audioproth\u00e9siste vous revoit r\u00e9guli\u00e8rement afin de faire le point avec vous sur les \u00e9ventuelles modifications \u00e0 apporter \u00e0 l\u2019appareillage.<\/span><\/p>\n<p style=\"text-align: justify;\"><span style=\"color: #000000;\">Lors de ces rendez-vous il est important de partager vos remarques avec l\u2019audioproth\u00e9siste qui peut ainsi faire le n\u00e9cessaire pour que l\u2019essai soit le plus efficace possible.<\/span><\/p>\n[\/et_pb_text][et_pb_divider _builder_version=\u00a0\u00bb4.0.6&Prime; custom_margin=\u00a0\u00bb||-1px|||\u00a0\u00bb][\/et_pb_divider][et_pb_text _builder_version=\u00a0\u00bb4.0.6&Prime; animation_style=\u00a0\u00bbfade\u00a0\u00bb]\n<h2><span style=\"color: #339966;\">3\/ Profiter<\/span><\/h2>\n<p style=\"text-align: justify;\"><span style=\"color: #000000;\">L\u2019essai est termin\u00e9 et vous avez fait le choix de conserver les aides auditives.<\/span><\/p>\n<p style=\"text-align: justify;\"><span style=\"color: #000000;\">Votre audioproth\u00e9siste s\u2019occupe d\u2019effectuer les formalit\u00e9s administratives pour votre remboursement de sant\u00e9.<\/span><\/p>\n<p style=\"text-align: justify;\"><span style=\"color: #000000;\">Il vous revoit ensuite plusieurs fois dans l\u2019ann\u00e9e, selon ce qu\u2019il pr\u00e9conise pour vous, afin d\u2019ajuster si besoin les r\u00e9glages et ainsi s\u2019assurer que les aides auditives continuent de vous apporter satisfaction.<\/span><\/p>\n[\/et_pb_text][\/et_pb_column][\/et_pb_row][\/et_pb_section]\n","protected":false},"excerpt":{"rendered":"<p>1\/ Faire connaissance Un appareillage commence par un premier rendez-vous au cours duquel l\u2019audioproth\u00e9siste va cibler vos besoins. Le niveau d\u2019audition, le mode de vie, les activit\u00e9s, le budget sont autant de crit\u00e8res qui permettent \u00e0 l\u2019audioproth\u00e9siste de vous proposer une solution qui vous correspond le plus possible. Une fois le mod\u00e8le d\u2019aide auditive d\u00e9termin\u00e9, [&hellip;]<\/p>\n","protected":false},"author":1,"featured_media":0,"parent":0,"menu_order":0,"comment_status":"closed","ping_status":"closed","template":"","meta":{"_et_pb_use_builder":"on","_et_pb_old_content":"","_et_gb_content_width":"","footnotes":""},"_links":{"self":[{"href":"https:\/\/aidesauditives-centredelcourt.com\/index.php?rest_route=\/wp\/v2\/pages\/13"}],"collection":[{"href":"https:\/\/aidesauditives-centredelcourt.com\/index.php?rest_route=\/wp\/v2\/pages"}],"about":[{"href":"https:\/\/aidesauditives-centredelcourt.com\/index.php?rest_route=\/wp\/v2\/types\/page"}],"author":[{"embeddable":true,"href":"https:\/\/aidesauditives-centredelcourt.com\/index.php?rest_route=\/wp\/v2\/users\/1"}],"replies":[{"embeddable":true,"href":"https:\/\/aidesauditives-centredelcourt.com\/index.php?rest_route=%2Fwp%2Fv2%2Fcomments&post=13"}],"version-history":[{"count":19,"href":"https:\/\/aidesauditives-centredelcourt.com\/index.php?rest_route=\/wp\/v2\/pages\/13\/revisions"}],"predecessor-version":[{"id":1701,"href":"https:\/\/aidesauditives-centredelcourt.com\/index.php?rest_route=\/wp\/v2\/pages\/13\/revisions\/1701"}],"wp:attachment":[{"href":"https:\/\/aidesauditives-centredelcourt.com\/index.php?rest_route=%2Fwp%2Fv2%2Fmedia&parent=13"}],"curies":[{"name":"wp","href":"https:\/\/api.w.org\/{rel}","templated":true}]}}