{"id":360,"date":"2020-02-07T11:45:55","date_gmt":"2020-02-07T10:45:55","guid":{"rendered":"http:\/\/aidesauditives-centredelcourt.com\/?page_id=360"},"modified":"2020-02-07T10:59:24","modified_gmt":"2020-02-07T09:59:24","slug":"accueil-copie-page-de-test-2","status":"publish","type":"page","link":"https:\/\/aidesauditives-centredelcourt.com\/","title":{"rendered":"Accueil"},"content":{"rendered":"[et_pb_section fb_built=\u00a0\u00bb1&Prime; admin_label=\u00a0\u00bbHeader\u00a0\u00bb _builder_version=\u00a0\u00bb3.29.3&Prime; background_color=\u00a0\u00bb#37b51b\u00a0\u00bb use_background_color_gradient=\u00a0\u00bbon\u00a0\u00bb background_color_gradient_start=\u00a0\u00bb#8cc540&Prime; background_color_gradient_end=\u00a0\u00bb#38a049&Prime; background_color_gradient_type=\u00a0\u00bbradial\u00a0\u00bb background_color_gradient_end_position=\u00a0\u00bb73%\u00a0\u00bb background_enable_image=\u00a0\u00bboff\u00a0\u00bb min_height=\u00a0\u00bb18px\u00a0\u00bb height=\u00a0\u00bb384px\u00a0\u00bb custom_padding=\u00a0\u00bb0px||0px||false|false\u00a0\u00bb][et_pb_row _builder_version=\u00a0\u00bb4.0.6&Prime; custom_padding=\u00a0\u00bb2px|||||\u00a0\u00bb][et_pb_column type=\u00a0\u00bb4_4&Prime; _builder_version=\u00a0\u00bb3.29.3&Prime;][et_pb_image src=\u00a0\u00bbhttp:\/\/aidesauditives-centredelcourt.com\/wp-content\/uploads\/2019\/10\/LOGO-OK-300&#215;300.png\u00a0\u00bb align=\u00a0\u00bbcenter\u00a0\u00bb _builder_version=\u00a0\u00bb4.0.6&Prime; background_color=\u00a0\u00bbrgba(0,0,0,0)\u00a0\u00bb custom_margin=\u00a0\u00bb||||true|true\u00a0\u00bb animation_style=\u00a0\u00bbfade\u00a0\u00bb border_color_all=\u00a0\u00bbrgba(0,0,0,0)\u00a0\u00bb][\/et_pb_image][\/et_pb_column][\/et_pb_row][\/et_pb_section][et_pb_section fb_built=\u00a0\u00bb1&Prime; _builder_version=\u00a0\u00bb4.0.6&Prime; background_image=\u00a0\u00bbhttp:\/\/aidesauditives-centredelcourt.com\/wp-content\/uploads\/2019\/11\/accueil-mougins-2-scaled.jpg\u00a0\u00bb parallax=\u00a0\u00bbon\u00a0\u00bb custom_margin=\u00a0\u00bb-68px|||||\u00a0\u00bb custom_padding=\u00a0\u00bb||699px|||\u00a0\u00bb][\/et_pb_section][et_pb_section fb_built=\u00a0\u00bb1&Prime; _builder_version=\u00a0\u00bb4.0.6&Prime; custom_padding=\u00a0\u00bb||14px|||\u00a0\u00bb][et_pb_row _builder_version=\u00a0\u00bb4.0.6&Prime; custom_padding=\u00a0\u00bb||37px|||\u00a0\u00bb][et_pb_column type=\u00a0\u00bb4_4&Prime; _builder_version=\u00a0\u00bb4.0.6&Prime;][et_pb_text _builder_version=\u00a0\u00bb4.0.6&Prime; header_text_color=\u00a0\u00bb#38a049&Prime; custom_margin=\u00a0\u00bb||21px|||\u00a0\u00bb custom_padding=\u00a0\u00bb||0px|||\u00a0\u00bb animation_style=\u00a0\u00bbfade\u00a0\u00bb]\n<h1 style=\"text-align: center;\">Un centre qui prend le temps de vous \u00e9couter<\/h1>\n[\/et_pb_text][et_pb_text _builder_version=\u00a0\u00bb4.0.6&Prime; text_font=\u00a0\u00bb||||||||\u00a0\u00bb text_line_height=\u00a0\u00bb2em\u00a0\u00bb header_font=\u00a0\u00bb||||||||\u00a0\u00bb header_3_font=\u00a0\u00bbRoboto|300|||||||\u00a0\u00bb header_3_font_size=\u00a0\u00bb48px\u00a0\u00bb header_3_line_height=\u00a0\u00bb1.4em\u00a0\u00bb animation_style=\u00a0\u00bbslide\u00a0\u00bb animation_direction=\u00a0\u00bbleft\u00a0\u00bb animation_intensity_slide=\u00a0\u00bb5%\u00a0\u00bb text_font_size_tablet=\u00a0\u00bb\u00a0\u00bb text_font_size_phone=\u00a0\u00bb14px\u00a0\u00bb text_font_size_last_edited=\u00a0\u00bbon|phone\u00a0\u00bb header_3_font_size_tablet=\u00a0\u00bb\u00a0\u00bb header_3_font_size_phone=\u00a0\u00bb36px\u00a0\u00bb header_3_font_size_last_edited=\u00a0\u00bbon|phone\u00a0\u00bb locked=\u00a0\u00bboff\u00a0\u00bb]\n<p style=\"text-align: justify;\"><span style=\"font-size: 14px; color: #000000;\"><span color=\"#e95d0f\">J&rsquo;ai d\u00e9velopp\u00e9 deux centres auditifs dans les Alpes Maritimes pour mieux servir les personnes atteintes de d\u00e9ficience auditive. Je suis moi aussi atteint de surdit\u00e9 lourde depuis mon plus jeune \u00e2ge. Un fait d\u00e9terminant dans ma vie et surtout dans ma carri\u00e8re, que je n&rsquo;ai certes pas provoqu\u00e9, mais que j&rsquo;ai su utiliser lorsque les opportunit\u00e9s se sont pr\u00e9sent\u00e9es \u00e0 moi.<\/span><\/span><\/p>\n[\/et_pb_text][\/et_pb_column][\/et_pb_row][\/et_pb_section][et_pb_section fb_built=\u00a0\u00bb1&Prime; admin_label=\u00a0\u00bbAbout Me\u00a0\u00bb _builder_version=\u00a0\u00bb3.29.3&Prime; background_image=\u00a0\u00bbhttp:\/\/aidesauditives-centredelcourt.com\/wp-content\/uploads\/2019\/09\/personal-stylist-48.png\u00a0\u00bb background_position=\u00a0\u00bbtop_center\u00a0\u00bb custom_padding=\u00a0\u00bb0px||13px|||\u00a0\u00bb][et_pb_row _builder_version=\u00a0\u00bb3.29.3&Prime; custom_padding=\u00a0\u00bb||4px|||\u00a0\u00bb][et_pb_column type=\u00a0\u00bb4_4&Prime; _builder_version=\u00a0\u00bb3.29.3&Prime;][et_pb_testimonial author=\u00a0\u00bbLaurent Delcourt\u00a0\u00bb _builder_version=\u00a0\u00bb4.0.6&Prime; body_font=\u00a0\u00bb|600|||||||\u00a0\u00bb body_text_align=\u00a0\u00bbcenter\u00a0\u00bb position_font_size=\u00a0\u00bb21px\u00a0\u00bb text_orientation=\u00a0\u00bbcenter\u00a0\u00bb box_shadow_style=\u00a0\u00bbpreset1&Prime;]\n<h1 style=\"text-align: center;\"><span style=\"color: #000000;\">Appareill\u00e9 depuis l&rsquo;\u00e2ge de 4 ans, je mets mon v\u00e9cu et mes exp\u00e9riences \u00e0 votre service.<\/span><\/h1>\n[\/et_pb_testimonial][\/et_pb_column][\/et_pb_row][\/et_pb_section][et_pb_section fb_built=\u00a0\u00bb1&Prime; _builder_version=\u00a0\u00bb4.0.6&Prime; background_color=\u00a0\u00bb#ffffff\u00a0\u00bb custom_margin=\u00a0\u00bb-22px|||||\u00a0\u00bb][et_pb_row _builder_version=\u00a0\u00bb4.0.6&Prime; custom_padding=\u00a0\u00bb0px|||||\u00a0\u00bb][et_pb_column type=\u00a0\u00bb4_4&Prime; _builder_version=\u00a0\u00bb4.0.6&Prime;][et_pb_divider _builder_version=\u00a0\u00bb4.0.6&Prime; custom_margin=\u00a0\u00bb5px|||||\u00a0\u00bb][\/et_pb_divider][\/et_pb_column][\/et_pb_row][et_pb_row _builder_version=\u00a0\u00bb4.0.6&Prime; background_color=\u00a0\u00bb#ffffff\u00a0\u00bb custom_padding=\u00a0\u00bb2px|||||\u00a0\u00bb][et_pb_column type=\u00a0\u00bb4_4&Prime; _builder_version=\u00a0\u00bb4.0.6&Prime;][et_pb_post_slider posts_number=\u00a0\u00bb8&Prime; include_categories=\u00a0\u00bb11&Prime; show_pagination=\u00a0\u00bboff\u00a0\u00bb show_more_button=\u00a0\u00bboff\u00a0\u00bb content_source=\u00a0\u00bbon\u00a0\u00bb show_meta=\u00a0\u00bboff\u00a0\u00bb use_bg_overlay=\u00a0\u00bboff\u00a0\u00bb use_text_overlay=\u00a0\u00bboff\u00a0\u00bb dot_nav_custom_color=\u00a0\u00bb#ffffff\u00a0\u00bb _builder_version=\u00a0\u00bb4.3.1&Prime; header_font=\u00a0\u00bb|600|||||||\u00a0\u00bb header_text_color=\u00a0\u00bb#ffffff\u00a0\u00bb header_font_size=\u00a0\u00bb22px\u00a0\u00bb body_text_color=\u00a0\u00bb#ffffff\u00a0\u00bb meta_text_color=\u00a0\u00bbrgba(0,0,0,0)\u00a0\u00bb background_color=\u00a0\u00bbrgba(0,0,0,0)\u00a0\u00bb use_background_color_gradient=\u00a0\u00bbon\u00a0\u00bb background_color_gradient_start=\u00a0\u00bb#8cc540&Prime; background_color_gradient_end=\u00a0\u00bb#38a049&Prime; background_color_gradient_type=\u00a0\u00bbradial\u00a0\u00bb hover_enabled=\u00a0\u00bb0&Prime;][\/et_pb_post_slider][\/et_pb_column][\/et_pb_row][\/et_pb_section]\n","protected":false},"excerpt":{"rendered":"<p>Un centre qui prend le temps de vous \u00e9couterJ&rsquo;ai d\u00e9velopp\u00e9 deux centres auditifs dans les Alpes Maritimes pour mieux servir les personnes atteintes de d\u00e9ficience auditive. Je suis moi aussi atteint de surdit\u00e9 lourde depuis mon plus jeune \u00e2ge. Un fait d\u00e9terminant dans ma vie et surtout dans ma carri\u00e8re, que je n&rsquo;ai certes pas [&hellip;]<\/p>\n","protected":false},"author":1,"featured_media":0,"parent":0,"menu_order":0,"comment_status":"closed","ping_status":"closed","template":"","meta":{"_et_pb_use_builder":"on","_et_pb_old_content":"","_et_gb_content_width":"","footnotes":""},"_links":{"self":[{"href":"https:\/\/aidesauditives-centredelcourt.com\/index.php?rest_route=\/wp\/v2\/pages\/360"}],"collection":[{"href":"https:\/\/aidesauditives-centredelcourt.com\/index.php?rest_route=\/wp\/v2\/pages"}],"about":[{"href":"https:\/\/aidesauditives-centredelcourt.com\/index.php?rest_route=\/wp\/v2\/types\/page"}],"author":[{"embeddable":true,"href":"https:\/\/aidesauditives-centredelcourt.com\/index.php?rest_route=\/wp\/v2\/users\/1"}],"replies":[{"embeddable":true,"href":"https:\/\/aidesauditives-centredelcourt.com\/index.php?rest_route=%2Fwp%2Fv2%2Fcomments&post=360"}],"version-history":[{"count":65,"href":"https:\/\/aidesauditives-centredelcourt.com\/index.php?rest_route=\/wp\/v2\/pages\/360\/revisions"}],"predecessor-version":[{"id":1481,"href":"https:\/\/aidesauditives-centredelcourt.com\/index.php?rest_route=\/wp\/v2\/pages\/360\/revisions\/1481"}],"wp:attachment":[{"href":"https:\/\/aidesauditives-centredelcourt.com\/index.php?rest_route=%2Fwp%2Fv2%2Fmedia&parent=360"}],"curies":[{"name":"wp","href":"https:\/\/api.w.org\/{rel}","templated":true}]}}