{"id":494,"date":"2019-10-15T12:04:31","date_gmt":"2019-10-15T10:04:31","guid":{"rendered":"http:\/\/aidesauditives-centredelcourt.com\/?page_id=494"},"modified":"2020-02-07T17:35:43","modified_gmt":"2020-02-07T16:35:43","slug":"existe-t-il-des-traitements","status":"publish","type":"page","link":"https:\/\/aidesauditives-centredelcourt.com\/?page_id=494","title":{"rendered":"Traitement et pr\u00e9vention"},"content":{"rendered":"[et_pb_section fb_built=\u00a0\u00bb1&Prime; fullwidth=\u00a0\u00bbon\u00a0\u00bb _builder_version=\u00a0\u00bb3.22&Prime; animation_style=\u00a0\u00bbslide\u00a0\u00bb animation_direction=\u00a0\u00bbtop\u00a0\u00bb animation_intensity_slide=\u00a0\u00bb2%\u00a0\u00bb animation_starting_opacity=\u00a0\u00bb100%\u00a0\u00bb][et_pb_fullwidth_header title=\u00a0\u00bbLes Acouph\u00e8nes\u00a0\u00bb subhead=\u00a0\u00bbTraitement et pr\u00e9vention\u00a0\u00bb admin_label=\u00a0\u00bbEn-t\u00eate plein \u00e9cran\u00a0\u00bb _builder_version=\u00a0\u00bb4.0.6&Prime; use_background_color_gradient=\u00a0\u00bbon\u00a0\u00bb background_color_gradient_start=\u00a0\u00bb#38a049&Prime; background_color_gradient_end=\u00a0\u00bb#8cc540&Prime; animation_style=\u00a0\u00bbfade\u00a0\u00bb][\/et_pb_fullwidth_header][\/et_pb_section][et_pb_section fb_built=\u00a0\u00bb1&Prime; _builder_version=\u00a0\u00bb4.0.6&Prime; background_image=\u00a0\u00bbhttp:\/\/aidesauditives-centredelcourt.com\/wp-content\/uploads\/2019\/10\/Photo-mains-1024&#215;683.jpeg\u00a0\u00bb parallax=\u00a0\u00bbon\u00a0\u00bb min_height=\u00a0\u00bb702px\u00a0\u00bb custom_margin=\u00a0\u00bb||17px|||\u00a0\u00bb custom_padding=\u00a0\u00bb||548px|||\u00a0\u00bb][\/et_pb_section][et_pb_section fb_built=\u00a0\u00bb1&Prime; admin_label=\u00a0\u00bbMarket Information Section\u00a0\u00bb _builder_version=\u00a0\u00bb3.29.3&Prime; custom_padding=\u00a0\u00bb3px||4px|||\u00a0\u00bb collapsed=\u00a0\u00bboff\u00a0\u00bb][et_pb_row _builder_version=\u00a0\u00bb4.0.6&Prime; custom_padding=\u00a0\u00bb15px||0px|||\u00a0\u00bb][et_pb_column type=\u00a0\u00bb4_4&Prime; _builder_version=\u00a0\u00bb4.0.6&Prime;][et_pb_text _builder_version=\u00a0\u00bb4.0.6&Prime; text_text_color=\u00a0\u00bb#000000&Prime; header_text_color=\u00a0\u00bb#38a049&Prime; animation_style=\u00a0\u00bbfade\u00a0\u00bb]\n<h1 style=\"text-align: justify;\">Les proth\u00e8ses auditives<o:p><\/o:p><\/h1>\n<p style=\"text-align: justify;\">En traitant une surdit\u00e9 associ\u00e9e \u00e0 un acouph\u00e8ne, elles peuvent, en amplifiant les sons environnants, masquer le bourdonnement. Dans 8 cas sur 10, elles suppriment le bruit parasite.\u00a0En augmentant la capacit\u00e9 \u00e0 communiquer et en diminuant l&rsquo;effort requis pour entendre correctement, elles diminuent le stress associ\u00e9 \u00e0 l&rsquo;acouph\u00e8ne.<\/p>\n<p style=\"text-align: justify;\">Les g\u00e9n\u00e9rateurs de bruits blancs ou la <i>\u00ab\u00a0Th\u00e9rapie de l&rsquo;habituation de l&rsquo;acouph\u00e8ne\u00a0\u00bb<\/i>\u00a0:\u00a0<o:p><\/o:p>Le traitement consiste \u00e0 introduire un bruit de fond de faible intensit\u00e9 dans le but d&rsquo;induire une accoutumance simultan\u00e9e au bruit du g\u00e9n\u00e9rateur et aux bourdonnements. Ce traitement s&rsquo;adresse aux personnes qui n&rsquo;ont pas de perte auditive ou dans les cas o\u00f9 la perte est tr\u00e8s faible.<\/p>\n[\/et_pb_text][et_pb_text _builder_version=\u00a0\u00bb4.0.6&Prime; header_text_color=\u00a0\u00bb#38a049&Prime; animation_style=\u00a0\u00bbfade\u00a0\u00bb]\n<h1 style=\"text-align: left;\">Les masqueurs d&rsquo;acouph\u00e8nes<span><o:p><\/o:p><\/span><\/h1>\n<p style=\"text-align: justify;\"><span style=\"color: #000000;\">Ils visent \u00e0 masquer les fr\u00e9quences de l&rsquo;acouph\u00e8ne par l&rsquo;\u00e9mission d&rsquo;un autre son. Mais, remplacer un bruit g\u00eanant par un autre bruit n&rsquo;est pas toujours compris par les patients et les masqueurs d&rsquo;acouph\u00e8nes sont de moins en moins utilis\u00e9s.<o:p><\/o:p><\/span><\/p>\n[\/et_pb_text][et_pb_text _builder_version=\u00a0\u00bb4.0.6&Prime; header_text_color=\u00a0\u00bb#38a049&Prime; custom_margin=\u00a0\u00bb||25px|||\u00a0\u00bb animation_style=\u00a0\u00bbfade\u00a0\u00bb]\n<h1 style=\"text-align: justify;\">La th\u00e9rapie<span><o:p><\/o:p><\/span><\/h1>\n<p style=\"text-align: justify;\"><span style=\"color: #000000;\">Lorsque la cause n&rsquo;est pas bien identifi\u00e9e, la th\u00e9rapie consiste \u00e0 aider le patient \u00e0 accepter la r\u00e9action que provoque l&rsquo;acouph\u00e8ne.\u00a0<\/span><span><span style=\"color: #000000;\">Le but de cette th\u00e9rapie est d&rsquo;habituer le cerveau aux acouph\u00e8nes et de supprimer les r\u00e9actions n\u00e9gatives, qui peuvent aller jusqu&rsquo;\u00e0 la d\u00e9pression. Dans certains cas, un traitement anti-d\u00e9pressif peut \u00eatre envisag\u00e9 ainsi qu&rsquo;une psychoth\u00e9rapie.<\/span><o:p><\/o:p><\/span><\/p>\n[\/et_pb_text][\/et_pb_column][\/et_pb_row][et_pb_row _builder_version=\u00a0\u00bb4.0.6&Prime; custom_padding=\u00a0\u00bb3px||6px|||\u00a0\u00bb][et_pb_column type=\u00a0\u00bb4_4&Prime; _builder_version=\u00a0\u00bb4.0.6&Prime;][et_pb_text _builder_version=\u00a0\u00bb4.0.6&Prime; header_text_color=\u00a0\u00bb#38a049&Prime; custom_margin=\u00a0\u00bb-2px|||||\u00a0\u00bb animation_style=\u00a0\u00bbfade\u00a0\u00bb]\n<h1>Autres traitements:<\/h1>\n<p style=\"text-align: justify;\"><span style=\"color: #000000;\">Selon la causes de l&rsquo;acouph\u00e8ne, l&rsquo;ORL peut \u00e9ventuellement proposer des m\u00e9dicaments ou une\u00a0chirurgie (otite moyenne, cancer de l&rsquo;oreille, neurinome de l&rsquo;acoustique, syndrome de M\u00e9ni\u00e8re).<\/span><\/p>\n<p style=\"text-align: justify;\"><span style=\"color: #000000;\">La m\u00e9decine douce peut \u00e9galement soulager les acouph\u00e8nes (m\u00e9decine traditionnelle chinoise, osth\u00e9opathie, phytoth\u00e9rapie, hom\u00e9opathie, massages).<\/span><\/p>\n[\/et_pb_text][\/et_pb_column][\/et_pb_row][\/et_pb_section][et_pb_section fb_built=\u00a0\u00bb1&Prime; _builder_version=\u00a0\u00bb4.0.6&Prime; custom_padding=\u00a0\u00bb21px|||||\u00a0\u00bb][et_pb_row _builder_version=\u00a0\u00bb4.0.6&Prime; background_image=\u00a0\u00bbhttp:\/\/aidesauditives-centredelcourt.com\/wp-content\/uploads\/2019\/10\/Photo-randonn\u00e9e.jpeg\u00a0\u00bb parallax=\u00a0\u00bbon\u00a0\u00bb custom_padding=\u00a0\u00bb||423px|||\u00a0\u00bb animation_style=\u00a0\u00bbfade\u00a0\u00bb box_shadow_style=\u00a0\u00bbpreset2&Prime;][et_pb_column type=\u00a0\u00bb4_4&Prime; _builder_version=\u00a0\u00bb4.0.6&Prime;][\/et_pb_column][\/et_pb_row][et_pb_row _builder_version=\u00a0\u00bb3.29.3&Prime; custom_margin=\u00a0\u00bb21px|auto||auto||\u00a0\u00bb custom_padding=\u00a0\u00bb10px|||||\u00a0\u00bb][et_pb_column type=\u00a0\u00bb4_4&Prime; _builder_version=\u00a0\u00bb3.29.3&Prime;][et_pb_text _builder_version=\u00a0\u00bb4.0.6&Prime; header_text_color=\u00a0\u00bb#38a049&Prime; animation_style=\u00a0\u00bbfade\u00a0\u00bb]\n<h1>Conseils pr\u00e9ventifs<\/h1>\n<ul>\n<li style=\"text-align: justify;\"><span style=\"color: #000000;\">Relaxez-vous et \u00e9vitez les stress inutiles, les bourdonnements augmentant avec la fatigue et la nervosit\u00e9.<\/span><\/li>\n<li style=\"text-align: justify;\"><span style=\"color: #000000;\">Pratiquez une activit\u00e9 physique r\u00e9guli\u00e8re pour pr\u00e9venir l&rsquo;art\u00e9rioscl\u00e9rose et l&rsquo;hypertension, parfois \u00e0 l&rsquo;origine d&rsquo;acouph\u00e8nes.<\/span><\/li>\n<li style=\"text-align: justify;\"><span style=\"color: #000000;\">R\u00e9visez votre m\u00e9dication:\u00a0<\/span><o:p><\/o:p><span style=\"color: #000000;\">Certains m\u00e9dicaments ont pour effet secondaire de causer des acouph\u00e8nes ou d&rsquo;intensifier la perception de ceux qui existent d\u00e9j\u00e0.<\/span><\/li>\n<li style=\"text-align: justify;\"><span style=\"color: #000000;\">Prot\u00e9gez vos oreilles des bruits trop \u00e9lev\u00e9s (concert, outils, etc). Il est conseill\u00e9 d&rsquo;utiliser des embouts sur mesures adapt\u00e9s aux diff\u00e9rents types de bruits \u00e9lev\u00e9s (consultez votre audioproth\u00e9siste)\u00a0ou \u00e0 d\u00e9faut des bouchons en mousse ou en cire.<\/span><\/li>\n<\/ul>\n[\/et_pb_text][\/et_pb_column][\/et_pb_row][\/et_pb_section]\n","protected":false},"excerpt":{"rendered":"<p>Les proth\u00e8ses auditives En traitant une surdit\u00e9 associ\u00e9e \u00e0 un acouph\u00e8ne, elles peuvent, en amplifiant les sons environnants, masquer le bourdonnement. Dans 8 cas sur 10, elles suppriment le bruit parasite.\u00a0En augmentant la capacit\u00e9 \u00e0 communiquer et en diminuant l&rsquo;effort requis pour entendre correctement, elles diminuent le stress associ\u00e9 \u00e0 l&rsquo;acouph\u00e8ne. Les g\u00e9n\u00e9rateurs de bruits [&hellip;]<\/p>\n","protected":false},"author":1,"featured_media":0,"parent":0,"menu_order":0,"comment_status":"closed","ping_status":"closed","template":"","meta":{"_et_pb_use_builder":"on","_et_pb_old_content":"<!-- wp:divi\/placeholder \/-->","_et_gb_content_width":"","footnotes":""},"_links":{"self":[{"href":"https:\/\/aidesauditives-centredelcourt.com\/index.php?rest_route=\/wp\/v2\/pages\/494"}],"collection":[{"href":"https:\/\/aidesauditives-centredelcourt.com\/index.php?rest_route=\/wp\/v2\/pages"}],"about":[{"href":"https:\/\/aidesauditives-centredelcourt.com\/index.php?rest_route=\/wp\/v2\/types\/page"}],"author":[{"embeddable":true,"href":"https:\/\/aidesauditives-centredelcourt.com\/index.php?rest_route=\/wp\/v2\/users\/1"}],"replies":[{"embeddable":true,"href":"https:\/\/aidesauditives-centredelcourt.com\/index.php?rest_route=%2Fwp%2Fv2%2Fcomments&post=494"}],"version-history":[{"count":30,"href":"https:\/\/aidesauditives-centredelcourt.com\/index.php?rest_route=\/wp\/v2\/pages\/494\/revisions"}],"predecessor-version":[{"id":1596,"href":"https:\/\/aidesauditives-centredelcourt.com\/index.php?rest_route=\/wp\/v2\/pages\/494\/revisions\/1596"}],"wp:attachment":[{"href":"https:\/\/aidesauditives-centredelcourt.com\/index.php?rest_route=%2Fwp%2Fv2%2Fmedia&parent=494"}],"curies":[{"name":"wp","href":"https:\/\/api.w.org\/{rel}","templated":true}]}}